{"id":32,"date":"2024-11-03T11:03:34","date_gmt":"2024-11-03T10:03:34","guid":{"rendered":"https:\/\/new.der-ochsen-hardheim.de\/?page_id=32"},"modified":"2026-04-04T16:05:20","modified_gmt":"2026-04-04T14:05:20","slug":"buchung","status":"publish","type":"page","link":"https:\/\/der-ochsen-hardheim.de\/index.php\/buchung\/","title":{"rendered":"Buchung"},"content":{"rendered":"\n<h1 class=\"wp-block-heading\"><strong>Buchung<\/strong><\/h1>\n\n\n\n<p>Nutzen Sie einfach folgenden Link f\u00fcr Ihre Buchung:<\/p>\n\n\n\n<div id=\"b24_widget_69d632f1eb7c4\"><span style=\"color:#fff\">Booking widget b24_widget_69d632f1eb7c4<\/span><\/div>\n\n<!-- jquery widget code -->\n<script>\njQuery(document).ready(function() {var b24Attr={widgettype:\"BookingBox\",propid:\"306458\",buttonBackgroundColor:\"#c2a990\",buttonTitle:\"ZUR BUCHUNGSSEITE\",formAction:\"https:\/\/beds24.com\/booking.php\",widgetLang:\"de\",widgetType:\"BookingBox\",};jQuery('#b24_widget_69d632f1eb7c4').bookWidget(b24Attr);});\n<\/script>\n\n\n\n\n\n<p>Direkt buchen zum Bestpreis \u2013 ohne Booking.com Geb\u00fchren<\/p>\n\n\n\n<p>Gerne nehmen wir auch Ihre Buchung f\u00fcr unsere Zimmer via E-Mail entgegen:<br><a href=\"mailto:ochsen.hardheim@gmail.com\">ochsen.hardheim@gmail.com<\/a><br>Bei Fragen k\u00f6nnen uns auch \u00fcber WhatsApp, Facebook oder Instagram kontaktieren.<\/p>\n\n\n\n<h2 class=\"wp-block-heading\">Preise der G\u00e4stezimmer<\/h2>\n\n\n\n<p>Unsere G\u00e4stezimmer im <strong>Hotel Ochsen Hardheim<\/strong> sind in verschiedenen Kategorien verf\u00fcgbar:<\/p>\n\n\n\n<p>Einzelzimmer \u2013 75 \u20ac pro Nacht<br>Doppelzimmer \u2013 90 \u20ac pro Nacht<br>Familienzimmer \u2013 120 \u20ac pro Nacht<\/p>\n\n\n\n<p>Alle \u00dcbernachtungspreise verstehen sich ohne Fr\u00fchst\u00fcck.<\/p>\n\n\n\n<p><\/p>\n\n\n\n<h2 class=\"wp-block-heading\">Fr\u00fchst\u00fcck im Hotel Ochsen Hardheim<\/h2>\n\n\n\n<p><strong>Fr\u00fchaufsteher-Fr\u00fchst\u00fcck ab 5 Uhr (10 \u20ac pro Person)<\/strong><br>Bereiten Sie sich Ihr Fr\u00fchst\u00fcck ganz nach Ihrem Geschmack selbst zu. Das Fr\u00fchst\u00fcck kann gerne vor Ort oder auch zum Mitnehmen (\u201eto go\u201c) verzehrt werden.<\/p>\n\n\n\n<p><strong>Fr\u00fchst\u00fcck von 7 bis 9 Uhr (15 \u20ac pro Person)<\/strong><br>Wir servieren Ihnen eine Fr\u00fchst\u00fccksplatte mit zwei frischen Br\u00f6tchen, Saft, Obst, einem Fr\u00fchst\u00fccksei sowie einem Hei\u00dfgetr\u00e4nk.<\/p>\n\n\n\n<p><\/p>\n\n\n\n<p><\/p>\n\n\n\n<h2 class=\"wp-block-heading\"><strong>Check-in und Check-out Zeiten<\/strong>:<\/h2>\n\n\n\n<p>Check-in: <br>ab 15 Uhr<\/p>\n\n\n\n<p>Check-out:<br>Montag bis Freitag bis 9:30 Uhr<br>Wochenende bis 11:00 Uhr<\/p>\n","protected":false},"excerpt":{"rendered":"<p>Buchung Nutzen Sie einfach folgenden Link f\u00fcr Ihre Buchung: Direkt buchen zum Bestpreis \u2013 ohne Booking.com Geb\u00fchren Gerne nehmen wir auch Ihre Buchung f\u00fcr unsere Zimmer via E-Mail entgegen:ochsen.hardheim@gmail.comBei Fragen k\u00f6nnen uns auch \u00fcber WhatsApp, Facebook oder Instagram kontaktieren. Preise der G\u00e4stezimmer Unsere G\u00e4stezimmer im Hotel Ochsen Hardheim sind in verschiedenen Kategorien verf\u00fcgbar: Einzelzimmer \u2013 [&hellip;]<\/p>\n","protected":false},"author":1,"featured_media":0,"parent":0,"menu_order":0,"comment_status":"closed","ping_status":"closed","template":"","meta":{"footnotes":""},"class_list":["post-32","page","type-page","status-publish","hentry"],"_links":{"self":[{"href":"https:\/\/der-ochsen-hardheim.de\/index.php\/wp-json\/wp\/v2\/pages\/32","targetHints":{"allow":["GET"]}}],"collection":[{"href":"https:\/\/der-ochsen-hardheim.de\/index.php\/wp-json\/wp\/v2\/pages"}],"about":[{"href":"https:\/\/der-ochsen-hardheim.de\/index.php\/wp-json\/wp\/v2\/types\/page"}],"author":[{"embeddable":true,"href":"https:\/\/der-ochsen-hardheim.de\/index.php\/wp-json\/wp\/v2\/users\/1"}],"replies":[{"embeddable":true,"href":"https:\/\/der-ochsen-hardheim.de\/index.php\/wp-json\/wp\/v2\/comments?post=32"}],"version-history":[{"count":17,"href":"https:\/\/der-ochsen-hardheim.de\/index.php\/wp-json\/wp\/v2\/pages\/32\/revisions"}],"predecessor-version":[{"id":534,"href":"https:\/\/der-ochsen-hardheim.de\/index.php\/wp-json\/wp\/v2\/pages\/32\/revisions\/534"}],"wp:attachment":[{"href":"https:\/\/der-ochsen-hardheim.de\/index.php\/wp-json\/wp\/v2\/media?parent=32"}],"curies":[{"name":"wp","href":"https:\/\/api.w.org\/{rel}","templated":true}]}}