{"id":31,"date":"2024-11-03T11:03:34","date_gmt":"2024-11-03T10:03:34","guid":{"rendered":"https:\/\/new.der-ochsen-hardheim.de\/?page_id=31"},"modified":"2026-04-04T01:52:06","modified_gmt":"2026-04-03T23:52:06","slug":"hotel-hardheim","status":"publish","type":"page","link":"https:\/\/der-ochsen-hardheim.de\/index.php\/hotel-hardheim\/","title":{"rendered":"Hotel Hardheim"},"content":{"rendered":"\n<h1 class=\"wp-block-heading\">Hotel in Hardheim \u2013 G\u00e4stezimmer im Ochsen<\/h1>\n\n\n\n<p>Willkommen im Hotel Ochsen in Hardheim. Unser Haus verbindet gem\u00fctliche G\u00e4stezimmer mit der Gastfreundschaft eines traditionellen Gasthauses. Durch die zentrale Lage im Ortskern von Hardheim ist unser Hotel eine ideale Unterkunft f\u00fcr Gesch\u00e4ftsreisende, Besucher der Region sowie G\u00e4ste, die einen angenehmen Aufenthalt im Neckar-Odenwald-Kreis verbringen m\u00f6chten.<\/p>\n\n\n\n<p>Unsere G\u00e4ste sch\u00e4tzen besonders die ruhige Atmosph\u00e4re, die komfortablen Zimmer sowie die M\u00f6glichkeit, im angeschlossenen Restaurant regionale K\u00fcche zu genie\u00dfen.<\/p>\n\n\n\n<div class=\"wp-block-columns alignwide is-layout-flex wp-container-core-columns-is-layout-28f84493 wp-block-columns-is-layout-flex\">\n<div class=\"wp-block-column is-layout-flow wp-block-column-is-layout-flow\" style=\"flex-basis:100%\">\n\t<div class=\"slideshow_container slideshow_container_style-light\" data-slideshow-id=\"159\" data-style-name=\"style-light\" data-style-version=\"2.5.20\">\n\t\t<div class=\"slideshow_loading_icon\"><\/div>\n\t\t<div class=\"slideshow_content\">\n\t\t\t<div class=\"slideshow_view\">\n\t\t\t\t<div class=\"slideshow_slide slideshow_slide_image\">\n\t\t\t\t\t\t\t\t\t\t\t<img loading=\"lazy\" decoding=\"async\" src=\"https:\/\/der-ochsen-hardheim.de\/wp-content\/uploads\/2026\/03\/8.jpg\" alt=\"8\" width=\"1414\" height=\"2000\" \/>\n\t\t\t\t\t\t\t\t\t\t<div class=\"slideshow_description_box slideshow_transparent\">\n\t\t\t\t\t\t<div class=\"slideshow_title\">8<\/div>\t\t\t\t\t\t\t\t\t\t\t<\/div>\n\t\t\t\t<\/div>\n\n\t\t\t\t\t\t\t\t\t<\/div>\n\t\t\t<div class=\"slideshow_view\">\n\t\t\t\t<div class=\"slideshow_slide slideshow_slide_image\">\n\t\t\t\t\t\t\t\t\t\t\t<img loading=\"lazy\" decoding=\"async\" src=\"https:\/\/der-ochsen-hardheim.de\/wp-content\/uploads\/2026\/03\/7.jpg\" alt=\"7\" width=\"1414\" height=\"2000\" \/>\n\t\t\t\t\t\t\t\t\t\t<div class=\"slideshow_description_box slideshow_transparent\">\n\t\t\t\t\t\t<div class=\"slideshow_title\">7<\/div>\t\t\t\t\t\t\t\t\t\t\t<\/div>\n\t\t\t\t<\/div>\n\n\t\t\t\t\t\t\t\t\t<\/div>\n\t\t\t<div class=\"slideshow_view\">\n\t\t\t\t<div class=\"slideshow_slide slideshow_slide_image\">\n\t\t\t\t\t\t\t\t\t\t\t<img loading=\"lazy\" decoding=\"async\" src=\"https:\/\/der-ochsen-hardheim.de\/wp-content\/uploads\/2026\/03\/6.jpg\" alt=\"6\" width=\"1414\" height=\"2000\" \/>\n\t\t\t\t\t\t\t\t\t\t<div class=\"slideshow_description_box slideshow_transparent\">\n\t\t\t\t\t\t<div class=\"slideshow_title\">6<\/div>\t\t\t\t\t\t\t\t\t\t\t<\/div>\n\t\t\t\t<\/div>\n\n\t\t\t\t\t\t\t\t\t<\/div>\n\t\t\t<div class=\"slideshow_view\">\n\t\t\t\t<div class=\"slideshow_slide slideshow_slide_image\">\n\t\t\t\t\t\t\t\t\t\t\t<img loading=\"lazy\" decoding=\"async\" src=\"https:\/\/der-ochsen-hardheim.de\/wp-content\/uploads\/2026\/03\/5.jpg\" alt=\"5\" width=\"1414\" height=\"2000\" \/>\n\t\t\t\t\t\t\t\t\t\t<div class=\"slideshow_description_box slideshow_transparent\">\n\t\t\t\t\t\t<div class=\"slideshow_title\">5<\/div>\t\t\t\t\t\t\t\t\t\t\t<\/div>\n\t\t\t\t<\/div>\n\n\t\t\t\t\t\t\t\t\t<\/div>\n\t\t\t<div class=\"slideshow_view\">\n\t\t\t\t<div class=\"slideshow_slide slideshow_slide_image\">\n\t\t\t\t\t\t\t\t\t\t\t<img loading=\"lazy\" decoding=\"async\" src=\"https:\/\/der-ochsen-hardheim.de\/wp-content\/uploads\/2026\/03\/4.jpg\" alt=\"4\" width=\"1414\" height=\"2000\" \/>\n\t\t\t\t\t\t\t\t\t\t<div class=\"slideshow_description_box slideshow_transparent\">\n\t\t\t\t\t\t<div class=\"slideshow_title\">4<\/div>\t\t\t\t\t\t\t\t\t\t\t<\/div>\n\t\t\t\t<\/div>\n\n\t\t\t\t\t\t\t\t\t<\/div>\n\t\t\t<div class=\"slideshow_view\">\n\t\t\t\t<div class=\"slideshow_slide slideshow_slide_image\">\n\t\t\t\t\t\t\t\t\t\t\t<img loading=\"lazy\" decoding=\"async\" src=\"https:\/\/der-ochsen-hardheim.de\/wp-content\/uploads\/2026\/03\/3.jpg\" alt=\"3\" width=\"1414\" height=\"2000\" \/>\n\t\t\t\t\t\t\t\t\t\t<div class=\"slideshow_description_box slideshow_transparent\">\n\t\t\t\t\t\t<div class=\"slideshow_title\">3<\/div>\t\t\t\t\t\t\t\t\t\t\t<\/div>\n\t\t\t\t<\/div>\n\n\t\t\t\t\t\t\t\t\t<\/div>\n\t\t<\/div>\n\t\t<div class=\"slideshow_controlPanel slideshow_transparent\"><ul><li class=\"slideshow_togglePlay\" data-play-text=\"Play\" data-pause-text=\"Pause\"><\/li><\/ul><\/div>\n\t\t<div class=\"slideshow_button slideshow_previous slideshow_transparent\" role=\"button\" data-previous-text=\"Previous\"><\/div>\n\t\t<div class=\"slideshow_button slideshow_next slideshow_transparent\" role=\"button\" data-next-text=\"Next\"><\/div>\n\t\t<div class=\"slideshow_pagination\" data-go-to-text=\"Go to slide\"><div class=\"slideshow_pagination_center\"><\/div><\/div>\n\t<\/div>\n\n<\/div>\n<\/div>\n\n\n\n<p><\/p>\n\n\n\n<h2 class=\"wp-block-heading\">Komfortable G\u00e4stezimmer im Herzen von Hardheim<\/h2>\n\n\n\n<p>Unsere G\u00e4stezimmer bieten eine angenehme und ruhige Unterkunft im Zentrum von Hardheim. Die Zimmer sind modern und funktional eingerichtet und verf\u00fcgen \u00fcber ein eigenes Bad, WLAN sowie einen Fernseher. Damit eignen sie sich sowohl f\u00fcr kurze Aufenthalte als auch f\u00fcr l\u00e4ngere \u00dcbernachtungen.<\/p>\n\n\n\n<p>Durch die zentrale Lage erreichen G\u00e4ste Gesch\u00e4fte, Restaurants und wichtige Einrichtungen in Hardheim bequem zu Fu\u00df. Parkm\u00f6glichkeiten stehen in unmittelbarer N\u00e4he zur Verf\u00fcgung.<\/p>\n\n\n\n<p><\/p>\n\n\n\n<p><\/p>\n\n\n\n<h2 class=\"wp-block-heading\">Ideal f\u00fcr Gesch\u00e4ftsreisende und Besucher der Region<\/h2>\n\n\n\n<p>Unser Hotel in Hardheim wird besonders von Gesch\u00e4ftsreisenden gesch\u00e4tzt, die beruflich in der Region unterwegs sind. Die gute Anbindung an umliegende St\u00e4dte macht unser Haus zu einem praktischen Ausgangspunkt f\u00fcr Termine in der Umgebung.<\/p>\n\n\n\n<p>Auch G\u00e4ste aus der Region \u00fcbernachten regelm\u00e4\u00dfig bei uns, beispielsweise bei Familienbesuchen, Veranstaltungen oder Ausfl\u00fcgen im Neckar-Odenwald-Kreis.<\/p>\n\n\n\n<p><\/p>\n\n\n\n<p><strong>Anfahrt:<\/strong><br>Sie finden direkt hinter unserem Geb\u00e4ude 6 Parkpl\u00e4tze. Diese sind mit einer Lades\u00e4ule f\u00fcr Elektrofahrzeuge ausgestattet.<br>Sollten unsere Parkpl\u00e4tze einmal belegt sein, d\u00fcrfen wir Sie h\u00f6flich auf die Parkpl\u00e4tze im Erfapark verweisen. Diese sind 2 Fahrminuten entfernt und zu Fu\u00df innerhalb von 5 Minuten erreichbar.<\/p>\n\n\n\n<p><a href=\"https:\/\/maps.app.goo.gl\/ZAgYyqMN8oVkJyzY7?g_st=com.google.maps.preview.copy\" data-type=\"link\" data-id=\"https:\/\/maps.app.goo.gl\/ZAgYyqMN8oVkJyzY7?g_st=com.google.maps.preview.copy\">Klick here: Google MAPS<\/a><\/p>\n\n\n\n<p><\/p>\n\n\n\n<p><\/p>\n\n\n\n<h2 class=\"wp-block-heading\">Gute Erreichbarkeit aus der Umgebung<\/h2>\n\n\n\n<p>Durch die zentrale Lage in Hardheim ist unser Hotel auch f\u00fcr G\u00e4ste aus der Umgebung gut erreichbar. Viele Besucher kommen aus nahegelegenen St\u00e4dten wie Walld\u00fcrn, Buchen im Odenwald, Tauberbischofsheim oder Miltenberg und nutzen unser Haus als komfortable \u00dcbernachtungsm\u00f6glichkeit.<\/p>\n\n\n\n<p>Die Lage im Neckar-Odenwald-Kreis macht Hardheim zudem zu einem praktischen Ausgangspunkt f\u00fcr Gesch\u00e4ftsreisen oder private Aufenthalte in der Region.<\/p>\n\n\n\n<p><\/p>\n\n\n\n<p><\/p>\n\n\n\n<h2 class=\"wp-block-heading\">\u00dcbernachten im Hotel Ochsen Hardheim<\/h2>\n\n\n\n<p>Wenn Sie eine Unterkunft in Hardheim suchen, sind Sie im Hotel Ochsen herzlich willkommen. Unsere G\u00e4stezimmer bieten eine angenehme Atmosph\u00e4re und eine unkomplizierte \u00dcbernachtungsm\u00f6glichkeit im Herzen des Ortes.<\/p>\n\n\n\n<p>Klicken Sie hier um Ihre \u00dcbernachtung zu buchen:<\/p>\n\n\n\n<blockquote class=\"wp-block-quote is-style-default has-accent-2-background-color has-background has-large-font-size is-layout-flow wp-block-quote-is-layout-flow\">\n<p class=\"has-text-align-center has-base-color has-text-color has-link-color has-body-font-family wp-elements-c8a0ce3476c073bfb3b3f6e05b8d4bc1\" style=\"font-style:normal;font-weight:300;text-decoration:underline\"><mark style=\"background-color:rgba(0, 0, 0, 0)\" class=\"has-inline-color has-accent-2-color\"><a href=\"https:\/\/der-ochsen-hardheim.de\/index.php\/buchung\/\" target=\"_blank\" rel=\"noreferrer noopener\">Hier buchen<\/a><\/mark><\/p>\n<\/blockquote>\n\n\n\n<p><\/p>\n\n\n\n<p><\/p>\n\n\n\n<p><\/p>\n","protected":false},"excerpt":{"rendered":"<p>Hotel in Hardheim \u2013 G\u00e4stezimmer im Ochsen Willkommen im Hotel Ochsen in Hardheim. Unser Haus verbindet gem\u00fctliche G\u00e4stezimmer mit der Gastfreundschaft eines traditionellen Gasthauses. Durch die zentrale Lage im Ortskern von Hardheim ist unser Hotel eine ideale Unterkunft f\u00fcr Gesch\u00e4ftsreisende, Besucher der Region sowie G\u00e4ste, die einen angenehmen Aufenthalt im Neckar-Odenwald-Kreis verbringen m\u00f6chten. Unsere G\u00e4ste [&hellip;]<\/p>\n","protected":false},"author":1,"featured_media":0,"parent":0,"menu_order":0,"comment_status":"closed","ping_status":"closed","template":"","meta":{"footnotes":""},"class_list":["post-31","page","type-page","status-publish","hentry"],"_links":{"self":[{"href":"https:\/\/der-ochsen-hardheim.de\/index.php\/wp-json\/wp\/v2\/pages\/31","targetHints":{"allow":["GET"]}}],"collection":[{"href":"https:\/\/der-ochsen-hardheim.de\/index.php\/wp-json\/wp\/v2\/pages"}],"about":[{"href":"https:\/\/der-ochsen-hardheim.de\/index.php\/wp-json\/wp\/v2\/types\/page"}],"author":[{"embeddable":true,"href":"https:\/\/der-ochsen-hardheim.de\/index.php\/wp-json\/wp\/v2\/users\/1"}],"replies":[{"embeddable":true,"href":"https:\/\/der-ochsen-hardheim.de\/index.php\/wp-json\/wp\/v2\/comments?post=31"}],"version-history":[{"count":29,"href":"https:\/\/der-ochsen-hardheim.de\/index.php\/wp-json\/wp\/v2\/pages\/31\/revisions"}],"predecessor-version":[{"id":532,"href":"https:\/\/der-ochsen-hardheim.de\/index.php\/wp-json\/wp\/v2\/pages\/31\/revisions\/532"}],"wp:attachment":[{"href":"https:\/\/der-ochsen-hardheim.de\/index.php\/wp-json\/wp\/v2\/media?parent=31"}],"curies":[{"name":"wp","href":"https:\/\/api.w.org\/{rel}","templated":true}]}}