{"id":30,"date":"2024-11-03T11:03:34","date_gmt":"2024-11-03T10:03:34","guid":{"rendered":"https:\/\/new.der-ochsen-hardheim.de\/?page_id=30"},"modified":"2026-04-04T00:54:20","modified_gmt":"2026-04-03T22:54:20","slug":"restaurant-hardheim","status":"publish","type":"page","link":"https:\/\/der-ochsen-hardheim.de\/index.php\/restaurant-hardheim\/","title":{"rendered":"Restaurant"},"content":{"rendered":"\n<h1 class=\"wp-block-heading has-xx-large-font-size\">Restaurant in Hardheim \u2013 Regionale K\u00fcche im Ochsen<\/h1>\n\n\n\n<div style=\"height:20px\" aria-hidden=\"true\" class=\"wp-block-spacer\"><\/div>\n\n\n\n<h2 class=\"wp-block-heading\">Speisekarte<\/h2>\n\n\n\n<div class=\"wp-block-group has-global-padding is-layout-constrained wp-block-group-is-layout-constrained\">\n\t<div class=\"slideshow_container slideshow_container_style-light\" data-slideshow-id=\"159\" data-style-name=\"style-light\" data-style-version=\"2.5.20\">\n\t\t<div class=\"slideshow_loading_icon\"><\/div>\n\t\t<div class=\"slideshow_content\">\n\t\t\t<div class=\"slideshow_view\">\n\t\t\t\t<div class=\"slideshow_slide slideshow_slide_image\">\n\t\t\t\t\t\t\t\t\t\t\t<img loading=\"lazy\" decoding=\"async\" src=\"https:\/\/der-ochsen-hardheim.de\/wp-content\/uploads\/2026\/03\/8.jpg\" alt=\"8\" width=\"1414\" height=\"2000\" \/>\n\t\t\t\t\t\t\t\t\t\t<div class=\"slideshow_description_box slideshow_transparent\">\n\t\t\t\t\t\t<div class=\"slideshow_title\">8<\/div>\t\t\t\t\t\t\t\t\t\t\t<\/div>\n\t\t\t\t<\/div>\n\n\t\t\t\t\t\t\t\t\t<\/div>\n\t\t\t<div class=\"slideshow_view\">\n\t\t\t\t<div class=\"slideshow_slide slideshow_slide_image\">\n\t\t\t\t\t\t\t\t\t\t\t<img loading=\"lazy\" decoding=\"async\" src=\"https:\/\/der-ochsen-hardheim.de\/wp-content\/uploads\/2026\/03\/7.jpg\" alt=\"7\" width=\"1414\" height=\"2000\" \/>\n\t\t\t\t\t\t\t\t\t\t<div class=\"slideshow_description_box slideshow_transparent\">\n\t\t\t\t\t\t<div class=\"slideshow_title\">7<\/div>\t\t\t\t\t\t\t\t\t\t\t<\/div>\n\t\t\t\t<\/div>\n\n\t\t\t\t\t\t\t\t\t<\/div>\n\t\t\t<div class=\"slideshow_view\">\n\t\t\t\t<div class=\"slideshow_slide slideshow_slide_image\">\n\t\t\t\t\t\t\t\t\t\t\t<img loading=\"lazy\" decoding=\"async\" src=\"https:\/\/der-ochsen-hardheim.de\/wp-content\/uploads\/2026\/03\/6.jpg\" alt=\"6\" width=\"1414\" height=\"2000\" \/>\n\t\t\t\t\t\t\t\t\t\t<div class=\"slideshow_description_box slideshow_transparent\">\n\t\t\t\t\t\t<div class=\"slideshow_title\">6<\/div>\t\t\t\t\t\t\t\t\t\t\t<\/div>\n\t\t\t\t<\/div>\n\n\t\t\t\t\t\t\t\t\t<\/div>\n\t\t\t<div class=\"slideshow_view\">\n\t\t\t\t<div class=\"slideshow_slide slideshow_slide_image\">\n\t\t\t\t\t\t\t\t\t\t\t<img loading=\"lazy\" decoding=\"async\" src=\"https:\/\/der-ochsen-hardheim.de\/wp-content\/uploads\/2026\/03\/5.jpg\" alt=\"5\" width=\"1414\" height=\"2000\" \/>\n\t\t\t\t\t\t\t\t\t\t<div class=\"slideshow_description_box slideshow_transparent\">\n\t\t\t\t\t\t<div class=\"slideshow_title\">5<\/div>\t\t\t\t\t\t\t\t\t\t\t<\/div>\n\t\t\t\t<\/div>\n\n\t\t\t\t\t\t\t\t\t<\/div>\n\t\t\t<div class=\"slideshow_view\">\n\t\t\t\t<div class=\"slideshow_slide slideshow_slide_image\">\n\t\t\t\t\t\t\t\t\t\t\t<img loading=\"lazy\" decoding=\"async\" src=\"https:\/\/der-ochsen-hardheim.de\/wp-content\/uploads\/2026\/03\/4.jpg\" alt=\"4\" width=\"1414\" height=\"2000\" \/>\n\t\t\t\t\t\t\t\t\t\t<div class=\"slideshow_description_box slideshow_transparent\">\n\t\t\t\t\t\t<div class=\"slideshow_title\">4<\/div>\t\t\t\t\t\t\t\t\t\t\t<\/div>\n\t\t\t\t<\/div>\n\n\t\t\t\t\t\t\t\t\t<\/div>\n\t\t\t<div class=\"slideshow_view\">\n\t\t\t\t<div class=\"slideshow_slide slideshow_slide_image\">\n\t\t\t\t\t\t\t\t\t\t\t<img loading=\"lazy\" decoding=\"async\" src=\"https:\/\/der-ochsen-hardheim.de\/wp-content\/uploads\/2026\/03\/3.jpg\" alt=\"3\" width=\"1414\" height=\"2000\" \/>\n\t\t\t\t\t\t\t\t\t\t<div class=\"slideshow_description_box slideshow_transparent\">\n\t\t\t\t\t\t<div class=\"slideshow_title\">3<\/div>\t\t\t\t\t\t\t\t\t\t\t<\/div>\n\t\t\t\t<\/div>\n\n\t\t\t\t\t\t\t\t\t<\/div>\n\t\t<\/div>\n\t\t<div class=\"slideshow_controlPanel slideshow_transparent\"><ul><li class=\"slideshow_togglePlay\" data-play-text=\"Play\" data-pause-text=\"Pause\"><\/li><\/ul><\/div>\n\t\t<div class=\"slideshow_button slideshow_previous slideshow_transparent\" role=\"button\" data-previous-text=\"Previous\"><\/div>\n\t\t<div class=\"slideshow_button slideshow_next slideshow_transparent\" role=\"button\" data-next-text=\"Next\"><\/div>\n\t\t<div class=\"slideshow_pagination\" data-go-to-text=\"Go to slide\"><div class=\"slideshow_pagination_center\"><\/div><\/div>\n\t<\/div>\n\n\n\n\n<p><strong>Specials<\/strong><\/p>\n\n\n\n\t<div class=\"slideshow_container slideshow_container_style-light\" data-slideshow-id=\"243\" data-style-name=\"style-light\" data-style-version=\"2.5.20\">\n\t\t<div class=\"slideshow_loading_icon\"><\/div>\n\t\t<div class=\"slideshow_content\">\n\t\t\t<div class=\"slideshow_view\">\n\t\t\t\t<div class=\"slideshow_slide slideshow_slide_image\">\n\t\t\t\t\t\t\t\t\t\t\t<img loading=\"lazy\" decoding=\"async\" src=\"https:\/\/der-ochsen-hardheim.de\/wp-content\/uploads\/2026\/04\/2.jpg\" alt=\"2\" width=\"1414\" height=\"2000\" \/>\n\t\t\t\t\t\t\t\t\t\t<div class=\"slideshow_description_box slideshow_transparent\">\n\t\t\t\t\t\t<div class=\"slideshow_title\">2<\/div>\t\t\t\t\t\t\t\t\t\t\t<\/div>\n\t\t\t\t<\/div>\n\n\t\t\t\t\t\t\t\t\t<\/div>\n\t\t\t<div class=\"slideshow_view\">\n\t\t\t\t<div class=\"slideshow_slide slideshow_slide_image\">\n\t\t\t\t\t\t\t\t\t\t\t<img loading=\"lazy\" decoding=\"async\" src=\"https:\/\/der-ochsen-hardheim.de\/wp-content\/uploads\/2026\/04\/1.jpg\" alt=\"1\" width=\"1414\" height=\"2000\" \/>\n\t\t\t\t\t\t\t\t\t\t<div class=\"slideshow_description_box slideshow_transparent\">\n\t\t\t\t\t\t<div class=\"slideshow_title\">1<\/div>\t\t\t\t\t\t\t\t\t\t\t<\/div>\n\t\t\t\t<\/div>\n\n\t\t\t\t\t\t\t\t\t<\/div>\n\t\t<\/div>\n\t\t<div class=\"slideshow_controlPanel slideshow_transparent\"><ul><li class=\"slideshow_togglePlay\" data-play-text=\"Play\" data-pause-text=\"Pause\"><\/li><\/ul><\/div>\n\t\t<div class=\"slideshow_button slideshow_previous slideshow_transparent\" role=\"button\" data-previous-text=\"Previous\"><\/div>\n\t\t<div class=\"slideshow_button slideshow_next slideshow_transparent\" role=\"button\" data-next-text=\"Next\"><\/div>\n\t\t<div class=\"slideshow_pagination\" data-go-to-text=\"Go to slide\"><div class=\"slideshow_pagination_center\"><\/div><\/div>\n\t<\/div>\n\n\n\n\n<p><\/p>\n<\/div>\n\n\n\n<h2 class=\"wp-block-heading\">Regionale K\u00fcche und frische Zutaten<\/h2>\n\n\n\n<p>In unserem Restaurant in Hardheim legen wir gro\u00dfen Wert auf Qualit\u00e4t und Regionalit\u00e4t. Viele unserer Zutaten stammen von Lieferanten aus der Region, wodurch wir frische und hochwertige Gerichte anbieten k\u00f6nnen. Unsere Speisekarte umfasst sowohl traditionelle Gerichte als auch moderne Variationen der regionalen K\u00fcche.<\/p>\n\n\n\n<p>Besonders beliebt sind unsere Fleischgerichte sowie saisonale Spezialit\u00e4ten, die regelm\u00e4\u00dfig wechseln. Unser Ziel ist es, G\u00e4sten aus Hardheim und der Umgebung ein authentisches kulinarisches Erlebnis zu bieten.<\/p>\n\n\n\n<h2 class=\"wp-block-heading\">Gem\u00fctliche Atmosph\u00e4re im Herzen von Hardheim<\/h2>\n\n\n\n<p>Das Restaurant Ochsen befindet sich zentral im Ortskern von Hardheim und bietet eine angenehme und gem\u00fctliche Atmosph\u00e4re f\u00fcr jeden Anlass. Unser Gastraum eignet sich sowohl f\u00fcr ein entspanntes Abendessen als auch f\u00fcr gesellige Treffen mit Freunden oder Kollegen.<\/p>\n\n\n\n<p>In den warmen Monaten k\u00f6nnen G\u00e4ste au\u00dferdem unseren Au\u00dfenbereich genie\u00dfen. Die Kombination aus guter K\u00fcche, freundlichem Service und gem\u00fctlichem Ambiente macht das Restaurant Ochsen zu einem beliebten Treffpunkt in Hardheim.<\/p>\n\n\n\n<h2 class=\"wp-block-heading\">Restaurant f\u00fcr G\u00e4ste aus der Region<\/h2>\n\n\n\n<p>Das Restaurant Ochsen in Hardheim ist nicht nur bei G\u00e4sten aus dem Ort selbst beliebt, sondern auch bei Besuchern aus der gesamten Region. Durch die gute Erreichbarkeit kommen regelm\u00e4\u00dfig G\u00e4ste aus Walld\u00fcrn, Buchen im Odenwald, Tauberbischofsheim und Miltenberg zu uns, um in angenehmer Atmosph\u00e4re regionale K\u00fcche zu genie\u00dfen.<\/p>\n\n\n\n<h2 class=\"wp-block-heading\">Ideal f\u00fcr Abendessen, Feiern und Treffen<\/h2>\n\n\n\n<p>Das Restaurant Ochsen in Hardheim eignet sich hervorragend f\u00fcr verschiedene Feiern und besondere Anl\u00e4sse. Ob Firmenfeier, Weihnachtsfeier, Geburtstag oder ein gemeinsames Essen mit Familie und Freunden \u2013 wir bieten den passenden Rahmen f\u00fcr gesellige Stunden in angenehmer Atmosph\u00e4re.<\/p>\n\n\n\n<p>Auch f\u00fcr Trauerfeiern oder einen Leichentrunk nach einer Beerdigung bieten wir einen w\u00fcrdevollen und ruhigen Rahmen, in dem sich Angeh\u00f6rige und G\u00e4ste in Ruhe zusammensetzen k\u00f6nnen.<\/p>\n\n\n\n<p>F\u00fcr gr\u00f6\u00dfere Veranstaltungen besteht zudem die M\u00f6glichkeit, <strong>den gesamten Ochsen exklusiv zu reservieren oder zu mieten<\/strong>. So k\u00f6nnen Firmenfeiern, Familienfeste oder andere Veranstaltungen ganz privat und individuell gestaltet werden. Gerne unterst\u00fctzen wir Sie bei der Planung und stellen ein passendes Men\u00fc oder Buffet f\u00fcr Ihre Feier zusammen.<\/p>\n\n\n\n<h2 class=\"wp-block-heading\">Tisch reservieren im Restaurant Ochsen Hardheim<\/h2>\n\n\n\n<p>Wenn Sie einen Tisch reservieren m\u00f6chten, k\u00f6nnen Sie uns jederzeit telefonisch, per Whatsapp oder per E-Mail kontaktieren. <\/p>\n\n\n\n<p>Tel.: 015117254504<br>ochsen.hardheim@gmail.com<\/p>\n\n\n\n<p>Wir freuen uns darauf, Sie im Restaurant Ochsen in Hardheim begr\u00fc\u00dfen zu d\u00fcrfen.<\/p>\n\n\n\n<p>Genie\u00dfen Sie regionale K\u00fcche, eine gem\u00fctliche Atmosph\u00e4re und herzliche Gastfreundschaft im Herzen von Hardheim.<\/p>\n\n\n\n<p><\/p>\n","protected":false},"excerpt":{"rendered":"<p>Restaurant in Hardheim \u2013 Regionale K\u00fcche im Ochsen Speisekarte Specials Regionale K\u00fcche und frische Zutaten In unserem Restaurant in Hardheim legen wir gro\u00dfen Wert auf Qualit\u00e4t und Regionalit\u00e4t. Viele unserer Zutaten stammen von Lieferanten aus der Region, wodurch wir frische und hochwertige Gerichte anbieten k\u00f6nnen. Unsere Speisekarte umfasst sowohl traditionelle Gerichte als auch moderne Variationen [&hellip;]<\/p>\n","protected":false},"author":1,"featured_media":0,"parent":0,"menu_order":0,"comment_status":"closed","ping_status":"closed","template":"","meta":{"footnotes":""},"class_list":["post-30","page","type-page","status-publish","hentry"],"_links":{"self":[{"href":"https:\/\/der-ochsen-hardheim.de\/index.php\/wp-json\/wp\/v2\/pages\/30","targetHints":{"allow":["GET"]}}],"collection":[{"href":"https:\/\/der-ochsen-hardheim.de\/index.php\/wp-json\/wp\/v2\/pages"}],"about":[{"href":"https:\/\/der-ochsen-hardheim.de\/index.php\/wp-json\/wp\/v2\/types\/page"}],"author":[{"embeddable":true,"href":"https:\/\/der-ochsen-hardheim.de\/index.php\/wp-json\/wp\/v2\/users\/1"}],"replies":[{"embeddable":true,"href":"https:\/\/der-ochsen-hardheim.de\/index.php\/wp-json\/wp\/v2\/comments?post=30"}],"version-history":[{"count":30,"href":"https:\/\/der-ochsen-hardheim.de\/index.php\/wp-json\/wp\/v2\/pages\/30\/revisions"}],"predecessor-version":[{"id":497,"href":"https:\/\/der-ochsen-hardheim.de\/index.php\/wp-json\/wp\/v2\/pages\/30\/revisions\/497"}],"wp:attachment":[{"href":"https:\/\/der-ochsen-hardheim.de\/index.php\/wp-json\/wp\/v2\/media?parent=30"}],"curies":[{"name":"wp","href":"https:\/\/api.w.org\/{rel}","templated":true}]}}